{"id":553,"date":"2018-07-04T22:43:31","date_gmt":"2018-07-04T20:43:31","guid":{"rendered":"http:\/\/germanasthmanet.de\/?page_id=553"},"modified":"2023-01-19T09:05:13","modified_gmt":"2023-01-19T08:05:13","slug":"legal-notice","status":"publish","type":"page","link":"https:\/\/germanasthmanet.de\/en\/legal-notice\/","title":{"rendered":"Legal notice"},"content":{"rendered":"<p><strong>German Asthma Net e.V.<br \/>\n<\/strong>c\/o IKF Pneumologie Mainz GmbH &amp; Co. KG<br \/>\nInstitut f\u00fcr klinische Forschung Pneumologie<br \/>\nHaifa-Allee 24<br \/>\nD- 55128 Mainz<\/p>\n<p><a href=\"mailto:info@german-asthma-net.de\">info@german-asthma-net.de<\/a><\/p>\n<p><strong>Gemeinschaftlich vertretungsberechtigt:<br \/>\n<\/strong><\/p>\n<p><strong>1. Vorsitzender<br \/>\n<\/strong>Prof. Dr. med. Eckard Hamelmann<br \/>\nKlinik f\u00fcr Kinder- und Jugendmedizin<br \/>\nKinderzentrum | Bethel<br \/>\nEvangelisches Krankenhaus Bielefeld gGmbH, Akad. Lehrkrankenhaus der WWU M\u00fcnster<br \/>\nBurgsteig 13<br \/>\n33617 Bielefeld<br \/>\nTel.: +49 521 3000 126<br \/>\ne-Mail: Eckard.hamelmann(at)evkb.de<\/p>\n<p><strong>2. Vorsitzender<br \/>\n<\/strong>Prof. Dr. med. Roland Buhl<br \/>\nSchwerpunkt Pneumologie<br \/>\nIII. Medizinische Klinik<br \/>\nUniversit\u00e4tsmedizin Mainz<br \/>\nLangenbeckstr. 1<br \/>\nD- 55131 Mainz<br \/>\nTel.: +49 6131 177270<br \/>\ne-Mail: Roland.Buhl(at)unimedizin-mainz.de<\/p>\n<p><strong>1. Beisitzerin<br \/>\n<\/strong>Prof. Dr. med. Stephanie Korn<br \/>\nIKF Pneumologie Mainz<br \/>\nHaifa-Allee 24<br \/>\n55128 Mainz<br \/>\nTel.: +49 6131 333 6345<br \/>\ne-Mail: korn(at)ikf-pneumologie.de<\/p>\n<p><strong>Registergericht<br \/>\n<\/strong>Amtsgericht Mainz<br \/>\nVR Nr. 41761<\/p>\n<p>Verantwortlich f\u00fcr den Inhalt gem\u00e4\u00df \u00a7 10 Abs. 3 MDStV: German Asthma Net e.V.<\/p>\n<p>Als gemeinn\u00fctziger und wohlt\u00e4tiger Verein anerkannt durch letzten Bescheid des Finanzamtes Mainz.<\/p>\n<p><strong>Disclaimer:<br \/>\n<\/strong>Hiermit distanziert sich German Asthma Net e.V. ausdr\u00fccklich von allen Inhalten zu gelinkten Seiten auf diesem Internet-Angebot, da diese von Fremdanbietern zug\u00e4nglich gemacht werden und wir auf deren wahrheitsgem\u00e4\u00dfen Inhalt keinerlei Einfluss haben. Diese Erkl\u00e4rung gilt f\u00fcr alle auf den Seiten angebrachten Links<\/p>\n","protected":false},"excerpt":{"rendered":"<p>German Asthma Net e.V. c\/o IKF Pneumologie Mainz GmbH &amp; Co. KG Institut f\u00fcr klinische Forschung Pneumologie Haifa-Allee 24 D- 55128 Mainz info@german-asthma-net.de Gemeinschaftlich vertretungsberechtigt: 1. Vorsitzender Prof. Dr. med. Eckard Hamelmann Klinik f\u00fcr Kinder- und Jugendmedizin Kinderzentrum | Bethel Evangelisches Krankenhaus Bielefeld gGmbH, Akad. Lehrkrankenhaus der WWU M\u00fcnster Burgsteig 13 33617 Bielefeld Tel.: +49 [&hellip;]<\/p>\n","protected":false},"author":1,"featured_media":0,"parent":0,"menu_order":0,"comment_status":"closed","ping_status":"closed","template":"","meta":{"footnotes":""},"class_list":["post-553","page","type-page","status-publish","hentry"],"translation":{"provider":"WPGlobus","version":"3.0.2","language":"en","enabled_languages":["de","en"],"languages":{"de":{"title":true,"content":true,"excerpt":false},"en":{"title":true,"content":true,"excerpt":false}}},"_links":{"self":[{"href":"https:\/\/germanasthmanet.de\/en\/wp-json\/wp\/v2\/pages\/553","targetHints":{"allow":["GET"]}}],"collection":[{"href":"https:\/\/germanasthmanet.de\/en\/wp-json\/wp\/v2\/pages"}],"about":[{"href":"https:\/\/germanasthmanet.de\/en\/wp-json\/wp\/v2\/types\/page"}],"author":[{"embeddable":true,"href":"https:\/\/germanasthmanet.de\/en\/wp-json\/wp\/v2\/users\/1"}],"replies":[{"embeddable":true,"href":"https:\/\/germanasthmanet.de\/en\/wp-json\/wp\/v2\/comments?post=553"}],"version-history":[{"count":19,"href":"https:\/\/germanasthmanet.de\/en\/wp-json\/wp\/v2\/pages\/553\/revisions"}],"predecessor-version":[{"id":1817,"href":"https:\/\/germanasthmanet.de\/en\/wp-json\/wp\/v2\/pages\/553\/revisions\/1817"}],"wp:attachment":[{"href":"https:\/\/germanasthmanet.de\/en\/wp-json\/wp\/v2\/media?parent=553"}],"curies":[{"name":"wp","href":"https:\/\/api.w.org\/{rel}","templated":true}]}}