{"id":547,"date":"2018-07-04T22:42:52","date_gmt":"2018-07-04T20:42:52","guid":{"rendered":"http:\/\/germanasthmanet.de\/?page_id=547"},"modified":"2018-12-21T12:09:01","modified_gmt":"2018-12-21T11:09:01","slug":"references","status":"publish","type":"page","link":"https:\/\/germanasthmanet.de\/en\/references\/","title":{"rendered":"References &#038; links"},"content":{"rendered":"<p><strong>References<\/strong><\/p>\n<ul>\n<li><a href=\"http:\/\/germanasthmanet.de\/wp-content\/uploads\/Leitlinie-zur-Diagnostik-und-Therapie-von-Patienten-mit-Asthma.pdf\" target=\"_blank\" rel=\"noopener\">Leitlinie der deutschen Atemwegsliga<\/a><\/li>\n<li><a href=\"https:\/\/www.leitlinien.de\/nvl\/asthma\" target=\"_blank\" rel=\"noopener\">Nationale Versorgungsleitlinie Asthma<\/a><\/li>\n<li><a href=\"https:\/\/ginasthma.org\/2018-gina-report-global-strategy-for-asthma-management-and-prevention\/\" target=\"_blank\" rel=\"noopener\">Global Initiative for Asthma (GINA)<\/a><\/li>\n<\/ul>\n<p><strong>Links<\/strong><\/p>\n<p><strong>National and international societies<\/strong><\/p>\n<ul>\n<li><a href=\"http:\/\/www.pneumologie.de\/startseite\/?L=0\" target=\"_blank\" rel=\"noopener\">Deutsche Gesellschaft f\u00fcr Pneumologie und Beatmungsmedizin (DGP)<\/a><\/li>\n<li><a href=\"https:\/\/www.paediatrische-pneumologie.eu\/startseite\/\" target=\"_blank\" rel=\"noopener\">Gesellschaft f\u00fcr P\u00e4diatrische Pneumologie<\/a><\/li>\n<li><a href=\"http:\/\/www.pneumologenverband.de\/\" target=\"_blank\" rel=\"noopener\">Bundesverband der Pneumologen<\/a><\/li>\n<li><a href=\"http:\/\/dgaki.de\/\" target=\"_blank\" rel=\"noopener\">Deutsche Gesellschaft f\u00fcr Allergie und klinische Immunologie (DGKAI)<\/a><\/li>\n<li><a href=\"http:\/\/www.gpau.de\/\" target=\"_blank\" rel=\"noopener\">Gesellschaft f\u00fcr P\u00e4diatrische Allergologie und Umweltmedizin<\/a><\/li>\n<li><a href=\"http:\/\/www.atemwegsliga.de\/\" target=\"_blank\" rel=\"noopener\">Deutsche Atemwegsliga<\/a><\/li>\n<li><a href=\"http:\/\/lungenstiftung.de\/\" target=\"_blank\" rel=\"noopener\">Deutsche Lungenstiftung<\/a><\/li>\n<li><a href=\"http:\/\/www.aeda.de\/\" target=\"_blank\" rel=\"noopener\">\u00c4rzteverband deutscher Allergologen<\/a><\/li>\n<li><a href=\"http:\/\/www.ginasthma.org\/\" target=\"_blank\" rel=\"noopener\">Global Initiative for Asthma (GINA)<\/a><\/li>\n<li><a href=\"http:\/\/www.ersnet.org\/\" target=\"_blank\" rel=\"noopener\">European Respiratory Society (ERS)<\/a><\/li>\n<li><a href=\"http:\/\/www.thoracic.org\/\" target=\"_blank\" rel=\"noopener\">American Thoracic Society (ATS)<\/a><\/li>\n<\/ul>\n<p><strong>Patient organisations<\/strong><\/p>\n<ul>\n<li><a href=\"http:\/\/www.lungensport.org\/\" target=\"_blank\" rel=\"noopener\">Arbeitsgemeinschaft Lungensport in Deutschland e.V.<\/a><\/li>\n<li><a href=\"http:\/\/www.daab.de\/\" target=\"_blank\" rel=\"noopener\">Deutscher Allergie- und Asthmabund e.V.<\/a><\/li>\n<li><a href=\"http:\/\/www.patientenliga-atemwegserkrankungen.de\/\" target=\"_blank\" rel=\"noopener\">Patientenliga Atemwegserkrankungen e.V.<\/a><\/li>\n<\/ul>\n<p><strong>Further links<br \/>\n<\/strong><\/p>\n<ul>\n<li><a href=\"http:\/\/www.lungenaerzte-im-netz.de\/lin\/show.php3?id=1\" target=\"_blank\" rel=\"noopener\">Lungen\u00e4rzte im Netz<\/a><\/li>\n<li><a href=\"http:\/\/www.ncbi.nlm.nih.gov\/pubmed\/\" target=\"_blank\" rel=\"noopener\">PubMed\u00a0<\/a><\/li>\n<\/ul>\n<p><strong>Asthma and allergy<br \/>\n<\/strong><\/p>\n<ul>\n<li><a href=\"http:\/\/www.netzwerk-saa.de\/\" target=\"_blank\" rel=\"noopener\">Netzwerk Schweres Asthma (SAA)<\/a><\/li>\n<li><a href=\"http:\/\/www.asthma-schule.de\/index.php?id=415\" target=\"_blank\" rel=\"noopener\">Asthma und Schule<\/a><\/li>\n<li><a href=\"http:\/\/www.asthmaschulung.de\/\" target=\"_blank\" rel=\"noopener\">Asthmaschulung im Kindes- und Jugendalter e.V.<\/a><\/li>\n<li><a href=\"http:\/\/www.pina-infoline.de\/\" target=\"_blank\" rel=\"noopener\">Pr\u00e4ventions- und Informationsnetzwerk Allergie und Asthma (PINA) e.V.<\/a><\/li>\n<li><a href=\"http:\/\/www.pollenstiftung.de\/\" target=\"_blank\" rel=\"noopener\">Stiftung deutscher Pollenflugdienst e.V.<\/a><\/li>\n<li><a href=\"http:\/\/www.asthma.de\/\" target=\"_blank\" rel=\"noopener\">Asthma.de<\/a><\/li>\n<li><a href=\"http:\/\/www.admit-online.info\/de\/\" target=\"_blank\" rel=\"noopener\">ADMIT<\/a><\/li>\n<\/ul>\n","protected":false},"excerpt":{"rendered":"<p>References Leitlinie der deutschen Atemwegsliga Nationale Versorgungsleitlinie Asthma Global Initiative for Asthma (GINA) Links National and international societies Deutsche Gesellschaft f\u00fcr Pneumologie und Beatmungsmedizin (DGP) Gesellschaft f\u00fcr P\u00e4diatrische Pneumologie Bundesverband der Pneumologen Deutsche Gesellschaft f\u00fcr Allergie und klinische Immunologie (DGKAI) Gesellschaft f\u00fcr P\u00e4diatrische Allergologie und Umweltmedizin Deutsche Atemwegsliga Deutsche Lungenstiftung \u00c4rzteverband deutscher Allergologen Global Initiative [&hellip;]<\/p>\n","protected":false},"author":1,"featured_media":0,"parent":0,"menu_order":0,"comment_status":"closed","ping_status":"closed","template":"","meta":{"footnotes":""},"class_list":["post-547","page","type-page","status-publish","hentry"],"translation":{"provider":"WPGlobus","version":"3.0.2","language":"en","enabled_languages":["de","en"],"languages":{"de":{"title":true,"content":true,"excerpt":false},"en":{"title":true,"content":true,"excerpt":false}}},"_links":{"self":[{"href":"https:\/\/germanasthmanet.de\/en\/wp-json\/wp\/v2\/pages\/547","targetHints":{"allow":["GET"]}}],"collection":[{"href":"https:\/\/germanasthmanet.de\/en\/wp-json\/wp\/v2\/pages"}],"about":[{"href":"https:\/\/germanasthmanet.de\/en\/wp-json\/wp\/v2\/types\/page"}],"author":[{"embeddable":true,"href":"https:\/\/germanasthmanet.de\/en\/wp-json\/wp\/v2\/users\/1"}],"replies":[{"embeddable":true,"href":"https:\/\/germanasthmanet.de\/en\/wp-json\/wp\/v2\/comments?post=547"}],"version-history":[{"count":23,"href":"https:\/\/germanasthmanet.de\/en\/wp-json\/wp\/v2\/pages\/547\/revisions"}],"predecessor-version":[{"id":1077,"href":"https:\/\/germanasthmanet.de\/en\/wp-json\/wp\/v2\/pages\/547\/revisions\/1077"}],"wp:attachment":[{"href":"https:\/\/germanasthmanet.de\/en\/wp-json\/wp\/v2\/media?parent=547"}],"curies":[{"name":"wp","href":"https:\/\/api.w.org\/{rel}","templated":true}]}}