{"id":497,"date":"2018-07-04T22:26:28","date_gmt":"2018-07-04T20:26:28","guid":{"rendered":"http:\/\/germanasthmanet.de\/?page_id=497"},"modified":"2025-12-09T10:38:30","modified_gmt":"2025-12-09T09:38:30","slug":"events","status":"publish","type":"page","link":"https:\/\/germanasthmanet.de\/en\/events\/","title":{"rendered":"Events"},"content":{"rendered":"<p><strong>GAN-Mitgliederversammlung im Rahmen des 66. Jahreskongresses der Deutschen Gesellschaft f\u00fcr Pneumologie und Beatmungsmedizin (DGP) in M\u00fcnchen<\/strong><br \/>\n20.03.2026, 8:00 \u2013 08:45 Uhr<br \/>\nInternationales Congress Center Messe M\u00fcnchen<\/p>\n<p><strong>GAN-Mitgliederversammlung im Rahmen des 65. Jahreskongresses der Deutschen Gesellschaft f\u00fcr Pneumologie und Beatmungsmedizin (DGP) in Leipzig<\/strong><br \/>\n11.04.2025, 8:00 \u2013 09:00 Uhr<br \/>\nCongress Center Leipzig<\/p>\n<p><strong>GAN-Mitgliederversammlung im Rahmen des 64. Jahreskongresses der Deutschen Gesellschaft f\u00fcr Pneumologie und Beatmungsmedizin (DGP) in Mannheim <\/strong><br \/>\n22.03.2024, 08:00 \u2013 09:00 Uhr<\/p>\n<p><strong>GAN-Mitgliederversammlung <\/strong><br \/>\n29.06.2023, 17:00 \u2013 17:30 Uhr<br \/>\nOnline-Event<\/p>\n<p><strong>GAN-Mitgliederversammlung im Rahmen des 63. Jahreskongresses der Deutschen Gesellschaft f\u00fcr Pneumologie und Beatmungsmedizin (DGP) in D\u00fcsseldorf <\/strong><br \/>\n31.03.2023, 08:00 \u2013 09:00 Uhr<br \/>\nCongress Center D\u00fcsseldorf<\/p>\n<p><strong>GAN-Mitgliederversammlung <\/strong><br \/>\n29.06.2022, 17:00 \u2013 17:30 Uhr<br \/>\nOnline-Event<\/p>\n<p><strong>1. GAN-Studientag<\/strong><br \/>\n05.05.2021, 15:00 \u2013 19:00 Uhr<br \/>\nOnline-Event<span style=\"color: #ff0000;\"><strong><br \/>\n<\/strong><\/span><\/p>\n<p><strong>GAN-Mitgliederversammlung im Rahmen des 1. GAN-Studientages<\/strong><br \/>\n05.05.2021, 14:00 \u2013 15:00 Uhr<br \/>\nOnline-Event<\/p>\n<p><strong>GAN-Mitgliederversammlung<\/strong><br \/>\n02.09.2020, 18:00 \u2013 19:15 Uhr<br \/>\nOnline-Meeting<\/p>\n<p><strong>GAN-Mitgliederversammlung im Rahmen des 60. Jahreskongresses der Deutschen Gesellschaft f\u00fcr Pneumologie und Beatmungsmedizin (DGP) in M\u00fcnchen<\/strong><br \/>\n15.03.2019, 08:00 \u2013 10:00 Uhr<br \/>\nICM M\u00fcnchen<\/p>\n<p><strong>Symposium \u201c10 Jahre Netzwerkzentrum<\/strong><strong>Schweres Asthma in der Region Stuttgart\u201d<\/strong><br \/>\n13.10.2018, 9:00 \u2013 13:30 Uhr<br \/>\nHotel Le M\u00e9ridien, Stuttgart Mitte<\/p>\n<p><strong>GAN-Mitgliederversammlung im Rahmen des\u00a059. Jahreskongresses der Deutschen Gesellschaft f\u00fcr Pneumologie und Beatmungsmedizin (DGP) in Dresden<\/strong><br \/>\n16.03.2018, 08:00 \u2013 10:00 Uhr<br \/>\nMesse Dresden<\/p>\n<p><strong>GAN-Mitgliederversammlung im Rahmen des\u00a058. Jahreskongresses der Deutschen Gesellschaft f\u00fcr Pneumologie und Beatmungsmedizin (DGP) in Stuttgart<\/strong><br \/>\n24.03.2017, 7:30 \u2013 8:30 Uhr<br \/>\nInternationales Congress Center Stuttgart<\/p>\n<p><strong>GAN-Mitgliederversammlung im Rahmen des\u00a057. Jahreskongresses der Deutschen Gesellschaft f\u00fcr Pneumologie und Beatmungsmedizin (DGP) in Leipzig<\/strong><br \/>\n04.03.2016, 8:00 \u2013 10:00 Uhr<br \/>\nCongress Center Leipzig<\/p>\n<p><strong>GAN-Mitgliederversammlung im Rahmen des\u00a056. Jahreskongresses der Deutschen Gesellschaft f\u00fcr Pneumologie und Beatmungsmedizin (DGP) in Berlin<\/strong><br \/>\n20.03.2015, 8:00 \u2013 10:00 Uhr<br \/>\nCity Cube Berlin<\/p>\n<p><strong>GAN-Mitgliederversammlung im Rahmen des\u00a055. Jahreskongresses der Deutschen Gesellschaft f\u00fcr Pneumologie und Beatmungsmedizin (DGP) in Bremen<\/strong><br \/>\n28.03.2014, 8:00 \u2013 10:00 Uhr<br \/>\nCourtyard Mariott Hotel Bremen<\/p>\n<p><strong>GAN-Mitgliederversammlung im Rahmen des 54. Jahreskongresses der Deutschen Gesellschaft f\u00fcr Pneumologie und Beatmungsmedizin (DGP) in Hannover<\/strong><br \/>\n22.03.2013, 8:00 \u2013 09:00 Uhr<br \/>\nConvention Center Messe Hannover<\/p>\n<p><strong>GAN-Mitgliederversammlung im Rahmen des diesj\u00e4hrigen Jahreskongresses der Deutschen Gesellschaft f\u00fcr Pneumologie (DGP) in N\u00fcrnberg<\/strong><br \/>\n30.03.2012, 8:00 \u2013 10:00 Uhr<br \/>\nKongresszentrum N\u00fcrnberg<\/p>\n","protected":false},"excerpt":{"rendered":"<p>GAN-Mitgliederversammlung im Rahmen des 66. Jahreskongresses der Deutschen Gesellschaft f\u00fcr Pneumologie und Beatmungsmedizin (DGP) in M\u00fcnchen 20.03.2026, 8:00 \u2013 08:45 Uhr Internationales Congress Center Messe M\u00fcnchen GAN-Mitgliederversammlung im Rahmen des 65. Jahreskongresses der Deutschen Gesellschaft f\u00fcr Pneumologie und Beatmungsmedizin (DGP) in Leipzig 11.04.2025, 8:00 \u2013 09:00 Uhr Congress Center Leipzig GAN-Mitgliederversammlung im Rahmen des 64. [&hellip;]<\/p>\n","protected":false},"author":1,"featured_media":0,"parent":0,"menu_order":0,"comment_status":"closed","ping_status":"closed","template":"","meta":{"footnotes":""},"class_list":["post-497","page","type-page","status-publish","hentry"],"translation":{"provider":"WPGlobus","version":"3.0.2","language":"en","enabled_languages":["de","en"],"languages":{"de":{"title":true,"content":true,"excerpt":false},"en":{"title":true,"content":true,"excerpt":false}}},"_links":{"self":[{"href":"https:\/\/germanasthmanet.de\/en\/wp-json\/wp\/v2\/pages\/497","targetHints":{"allow":["GET"]}}],"collection":[{"href":"https:\/\/germanasthmanet.de\/en\/wp-json\/wp\/v2\/pages"}],"about":[{"href":"https:\/\/germanasthmanet.de\/en\/wp-json\/wp\/v2\/types\/page"}],"author":[{"embeddable":true,"href":"https:\/\/germanasthmanet.de\/en\/wp-json\/wp\/v2\/users\/1"}],"replies":[{"embeddable":true,"href":"https:\/\/germanasthmanet.de\/en\/wp-json\/wp\/v2\/comments?post=497"}],"version-history":[{"count":36,"href":"https:\/\/germanasthmanet.de\/en\/wp-json\/wp\/v2\/pages\/497\/revisions"}],"predecessor-version":[{"id":2518,"href":"https:\/\/germanasthmanet.de\/en\/wp-json\/wp\/v2\/pages\/497\/revisions\/2518"}],"wp:attachment":[{"href":"https:\/\/germanasthmanet.de\/en\/wp-json\/wp\/v2\/media?parent=497"}],"curies":[{"name":"wp","href":"https:\/\/api.w.org\/{rel}","templated":true}]}}