{"id":447,"date":"2018-07-04T13:53:18","date_gmt":"2018-07-04T11:53:18","guid":{"rendered":"http:\/\/germanasthmanet.de\/?page_id=447"},"modified":"2025-05-13T13:53:03","modified_gmt":"2025-05-13T11:53:03","slug":"scientific-board","status":"publish","type":"page","link":"https:\/\/germanasthmanet.de\/en\/scientific-board\/","title":{"rendered":"Scientific board"},"content":{"rendered":"<table style=\"height: 2949px; width: 131.004%; border-style: none;\" width=\"717\">\n<tbody>\n<tr style=\"height: 24px;\">\n<td style=\"width: 99.079%; height: 46px; border-style: none; text-align: left;\" colspan=\"2\"><strong>Adult patients<\/strong><\/td>\n<\/tr>\n<tr style=\"height: 234px;\">\n<td style=\"width: 23.8158%; height: 234px; border-style: none;\"><span style=\"font-family: verdana, geneva, sans-serif;\"><img loading=\"lazy\" decoding=\"async\" class=\"wp-image-1660 aligncenter\" src=\"https:\/\/germanasthmanet.de\/wp-content\/uploads\/Karl-Christian-Bergmann-scaled-e1619097370165-748x1024.jpg\" alt=\"\" width=\"148\" height=\"197\" \/><\/span><\/td>\n<td style=\"width: 75.2632%; height: 234px; border-style: none; text-align: left;\"><strong>Prof. Dr. Karl-Christian Bergmann <\/strong><br \/>\nAllergie-Centrum Charit\u00e9 Klinik f\u00fcr Dermatologie, Venerologie und Allergologie<br \/>\nCharit\u00e9 Campus Mitte<br \/>\nLuisenstra\u00dfe 2-5<br \/>\n10117 Berlin<br \/>\nTel.: 030-450-518046, Fax: 0234 509-2612<br \/>\ne-Mail: <a href=\"mailto:karlchristianbergmann@googlemail.com\">karlchristianbergmann@googlemail.com<\/a><\/td>\n<\/tr>\n<tr style=\"height: 234px;\">\n<td style=\"width: 23.8158%; height: 234px; border-style: none;\"><span style=\"font-family: verdana, geneva, sans-serif;\"><img loading=\"lazy\" decoding=\"async\" class=\"wp-image-1588  aligncenter\" src=\"https:\/\/germanasthmanet.de\/wp-content\/uploads\/Muelleneisen-Oktober-2020-235x300.jpg\" alt=\"\" width=\"148\" height=\"197\" \/><\/span><\/td>\n<td style=\"width: 75.2632%; height: 234px; border-style: none; text-align: left;\"><strong>Norbert M\u00fclleneisen<\/strong><br \/>\nAsthma Allergiezentrum<br \/>\nK\u00f6nigsberger Platz 5<br \/>\n51371 Leverkusen<br \/>\nTel.: 0214 820 21265, Fax: 0234 509-2612<br \/>\ne-Mail: <a href=\"mailto:info@aaz-lev.de\">info@aaz-lev.de<\/a><\/td>\n<\/tr>\n<tr style=\"height: 234px;\">\n<td style=\"width: 23.8158%; height: 234px; border-style: none;\"><img loading=\"lazy\" decoding=\"async\" class=\"aligncenter wp-image-2424\" src=\"https:\/\/germanasthmanet.de\/wp-content\/uploads\/Hendrik-Suhling-scaled-e1744609489117-769x1024.jpg\" alt=\"\" width=\"148\" height=\"222\" \/><\/td>\n<td style=\"width: 75.2632%; height: 234px; border-style: none; text-align: left;\"><strong>Prof. Dr. Hendrik Suhling<\/strong><br \/>\nPneumologicum<br \/>\nHildesheimer Str. 98 b<br \/>\n30173 Hannover<br \/>\nTel.: 0511 80 50 35<br \/>\ne-Mail: <a href=\"mailto:info@pneumologicum.de \">info@pneumologicum.de <\/a><\/td>\n<\/tr>\n<tr style=\"height: 234px;\">\n<td style=\"width: 23.8158%; height: 246px; border-style: none;\"><img loading=\"lazy\" decoding=\"async\" class=\"wp-image-1568 aligncenter\" src=\"https:\/\/germanasthmanet.de\/wp-content\/uploads\/eHBA-Passbild-Dr.-Olaf-Schmidt-002.jpg\" alt=\"\" width=\"148\" height=\"197\" \/><\/td>\n<td style=\"width: 75.2632%; height: 246px; border-style: none; text-align: left;\"><strong>Dr. Olaf Schmidt<\/strong><br \/>\nPNEUMOLOGIE MITTELRHEIN<br \/>\nPraxisgemeinschaft Dr. Schmidt &#8211; Dr. Schaeben<br \/>\nDr. Lobo-Becker<br \/>\nHauptstra\u00dfe 175<br \/>\n56170 Bendorf<br \/>\nTel.: 02622-898330<br \/>\ne-Mail: <a href=\"mailto:praxis@lungenfacharzt-mittelrhein.de\">praxis@lungenfacharzt-mittelrhein.de <\/a><\/td>\n<\/tr>\n<tr style=\"height: 234px;\">\n<td style=\"width: 23.8158%; height: 245px; border-style: none;\"><img loading=\"lazy\" decoding=\"async\" class=\"size-large wp-image-2440 aligncenter\" src=\"https:\/\/germanasthmanet.de\/wp-content\/uploads\/Foto_Lommatzsch-683x1024.jpg\" alt=\"\" width=\"148\" height=\"197\" \/><\/td>\n<td style=\"width: 75.2632%; height: 245px; border-style: none; text-align: left;\"><strong>Prof. Dr. med. Marek Lommatzsch<\/strong><br \/>\nUniversit\u00e4tsmedizin Rostock<br \/>\nZentrum f\u00fcr Innere Medizin<br \/>\nMedizinische Klinik I<br \/>\nAbt. Pneumologie &amp; Interdisziplin\u00e4re Internistische Intensivmedizin<br \/>\nErnst-Heydemann-Str. 6<br \/>\n18057 Rostock<br \/>\nTel.: 0381 494 7461<\/td>\n<\/tr>\n<tr style=\"height: 234px;\">\n<td style=\"width: 23.8158%; height: 234px; border-style: none;\"><img loading=\"lazy\" decoding=\"async\" class=\"wp-image-1568 aligncenter\" src=\"https:\/\/germanasthmanet.de\/wp-content\/uploads\/BrehlerFoto-217x300.jpg\" alt=\"\" width=\"148\" height=\"197\" \/><\/td>\n<td style=\"width: 75.2632%; height: 234px; border-style: none; text-align: left;\"><strong>Prof. Dr. Randolf Brehler<\/strong><br \/>\nKlinik f\u00fcr Hautkrankheiten, Ambulanz f\u00fcr Allergologie, Berufsdermatologie und Umweltmedizin<br \/>\nUniversit\u00e4tsklinikum M\u00fcnster<br \/>\nVon-Esmarch-Stra\u00dfe 58<br \/>\n48149 M\u00fcnster<br \/>\nTel.: 0251-83-56506<br \/>\ne-Mail: <a href=\"mailto:r.brehler@uni-muenster.de \">r.brehler@uni-muenster.de <\/a><\/td>\n<\/tr>\n<tr style=\"height: 234px;\">\n<td style=\"width: 23.8158%; height: 234px; border-style: none;\"><img loading=\"lazy\" decoding=\"async\" class=\"wp-image-1567 aligncenter\" src=\"https:\/\/germanasthmanet.de\/wp-content\/uploads\/Velling-217x300.jpg\" alt=\"\" width=\"148\" height=\"197\" \/><\/td>\n<td style=\"width: 75.2632%; height: 234px; border-style: none; text-align: left;\"><strong>Dr. Peter Velling<\/strong><br \/>\nMVZ der Evangelischen Lungenklinik Berlin GmbH<br \/>\nBergmannstra\u00dfe 5-7<br \/>\n10961 Berlin<br \/>\nTel.: 030-7863774<br \/>\ne-Mail: <a href=\"mailto:info@lungenmvz-berlin.de\">info@lungenmvz-berlin.de<\/a><\/td>\n<\/tr>\n<tr style=\"height: 234px;\">\n<td style=\"width: 23.8158%; height: 234px; border-style: none;\"><img loading=\"lazy\" decoding=\"async\" class=\"wp-image-1567 aligncenter\" src=\"https:\/\/germanasthmanet.de\/wp-content\/uploads\/Foto-W.-Pohl-scaled-e1620552092539.jpg\" alt=\"\" width=\"148\" height=\"197\" \/><\/td>\n<td style=\"width: 75.2632%; height: 234px; border-style: none; text-align: left;\"><strong>Prof. Dr. Wolfgang Pohl<\/strong><br \/>\nWiener Gesundheitsverbund<br \/>\nKlinik Hietzing<br \/>\nWolkersbergenstra\u00dfe 1<br \/>\n1130 Wien<br \/>\nTel.: +43 1 801 10-2472<br \/>\ne-Mail: <a href=\"mailto:wolfgang.pohl@gesundheitsverbund.at\">wolfgang.pohl@gesundheitsverbund.at<\/a><\/td>\n<\/tr>\n<tr style=\"height: 234px;\">\n<td style=\"width: 23.8158%; height: 234px; border-style: none;\"><img loading=\"lazy\" decoding=\"async\" class=\"wp-image-1567 aligncenter\" src=\"https:\/\/germanasthmanet.de\/wp-content\/uploads\/DrTimmermann_19-scaled.jpg\" alt=\"\" width=\"148\" height=\"197\" \/><\/td>\n<td style=\"width: 75.2632%; height: 234px; border-style: none; text-align: left;\"><strong>Dr. Hartmut Timmermann<\/strong><br \/>\nSchwerpunktpraxis Colonnaden<br \/>\nColonnaden 72<br \/>\n20354 Hamburg<br \/>\nTel.: 49 40 866 4 888 \u2013 0<br \/>\ne-Mail: <a href=\"mailto:info@allergopraxis.de\">info@allergopraxis.de<\/a><\/td>\n<\/tr>\n<tr style=\"height: 24px;\">\n<td style=\"width: 23.8158%; height: 24px; border-style: none;\"><\/td>\n<td style=\"width: 75.2632%; height: 24px; border-style: none;\"><\/td>\n<\/tr>\n<tr style=\"height: 26px;\">\n<td style=\"width: 99.079%; height: 26px; border-style: none; text-align: left;\" colspan=\"2\"><strong>Pediatric patients<\/strong><span style=\"font-family: verdana, geneva, sans-serif;\"><strong><br \/>\n<\/strong><\/span><\/td>\n<\/tr>\n<tr style=\"height: 234px;\">\n<td style=\"width: 23.8158%; height: 234px; border-style: none;\"><img loading=\"lazy\" decoding=\"async\" class=\"aligncenter wp-image-1589\" src=\"https:\/\/germanasthmanet.de\/wp-content\/uploads\/2019_08_EVK-Portrait-243x300.jpg\" alt=\"\" width=\"149\" height=\"184\" srcset=\"https:\/\/germanasthmanet.de\/wp-content\/uploads\/2019_08_EVK-Portrait-243x300.jpg 243w, https:\/\/germanasthmanet.de\/wp-content\/uploads\/2019_08_EVK-Portrait-829x1024.jpg 829w, https:\/\/germanasthmanet.de\/wp-content\/uploads\/2019_08_EVK-Portrait-768x948.jpg 768w, https:\/\/germanasthmanet.de\/wp-content\/uploads\/2019_08_EVK-Portrait-1244x1536.jpg 1244w, https:\/\/germanasthmanet.de\/wp-content\/uploads\/2019_08_EVK-Portrait-1659x2048.jpg 1659w, https:\/\/germanasthmanet.de\/wp-content\/uploads\/2019_08_EVK-Portrait-830x1025.jpg 830w, https:\/\/germanasthmanet.de\/wp-content\/uploads\/2019_08_EVK-Portrait-230x284.jpg 230w, https:\/\/germanasthmanet.de\/wp-content\/uploads\/2019_08_EVK-Portrait-350x432.jpg 350w, https:\/\/germanasthmanet.de\/wp-content\/uploads\/2019_08_EVK-Portrait-480x593.jpg 480w, https:\/\/germanasthmanet.de\/wp-content\/uploads\/2019_08_EVK-Portrait.jpg 1980w\" sizes=\"auto, (max-width: 149px) 100vw, 149px\" \/><\/td>\n<td style=\"width: 75.2632%; height: 234px; border-style: none; text-align: left;\"><strong>Prof. Dr. med. Monika Gappa<br \/>\n<\/strong>Chef\u00e4rztin Klinik f\u00fcr Kinder- und Jugendmedizin<br \/>\nEvangelisches Krankenhaus D\u00fcsseldorf<br \/>\nKirchfeldstr. 40<br \/>\n40217 D\u00fcsseldorf<br \/>\nTel.: 0211-919 1805, Fax: 0211-919 3980<br \/>\ne-Mail: <a href=\"mailto:monika.gappa@evk-duesseldorf.de\">monika.gappa@evk-duesseldorf.de<\/a><\/td>\n<\/tr>\n<tr style=\"height: 234px;\">\n<td style=\"width: 23.8158%; height: 234px; border-style: none;\"><img loading=\"lazy\" decoding=\"async\" class=\"wp-image-1570 aligncenter\" src=\"https:\/\/germanasthmanet.de\/wp-content\/uploads\/Gerstlauer_9345-e1611576562196-220x300.jpg\" alt=\"\" width=\"148\" height=\"202\" srcset=\"https:\/\/germanasthmanet.de\/wp-content\/uploads\/Gerstlauer_9345-e1611576562196-220x300.jpg 220w, https:\/\/germanasthmanet.de\/wp-content\/uploads\/Gerstlauer_9345-e1611576562196-752x1024.jpg 752w, https:\/\/germanasthmanet.de\/wp-content\/uploads\/Gerstlauer_9345-e1611576562196-768x1046.jpg 768w, https:\/\/germanasthmanet.de\/wp-content\/uploads\/Gerstlauer_9345-e1611576562196-830x1130.jpg 830w, https:\/\/germanasthmanet.de\/wp-content\/uploads\/Gerstlauer_9345-e1611576562196-230x313.jpg 230w, https:\/\/germanasthmanet.de\/wp-content\/uploads\/Gerstlauer_9345-e1611576562196-350x477.jpg 350w, https:\/\/germanasthmanet.de\/wp-content\/uploads\/Gerstlauer_9345-e1611576562196-480x654.jpg 480w, https:\/\/germanasthmanet.de\/wp-content\/uploads\/Gerstlauer_9345-e1611576562196.jpg 923w\" sizes=\"auto, (max-width: 148px) 100vw, 148px\" \/><\/td>\n<td style=\"width: 75.2632%; height: 234px; border-style: none; text-align: left;\"><strong>Dr. Michael Gerstlauer<br \/>\n<\/strong>II. Kinderklinik Klinikum Augsburg<br \/>\nStenglinstr. 2<br \/>\n86156 Augsburg<br \/>\nTel.: 0821-400-3420, Fax: 0821-400-163420<br \/>\ne-Mail: <a href=\"mailto:Michael.Gerstlauer@klinikum-augsburg.de\">Michael.Gerstlauer@klinikum-augsburg.de<\/a><\/td>\n<\/tr>\n<tr style=\"height: 234px;\">\n<td style=\"width: 23.8158%; height: 234px; border-style: none;\"><img loading=\"lazy\" decoding=\"async\" class=\"wp-image-1565 aligncenter\" src=\"https:\/\/germanasthmanet.de\/wp-content\/uploads\/Vogelberg.jpg\" alt=\"\" width=\"157\" height=\"190\" srcset=\"https:\/\/germanasthmanet.de\/wp-content\/uploads\/Vogelberg.jpg 234w, https:\/\/germanasthmanet.de\/wp-content\/uploads\/Vogelberg-230x277.jpg 230w\" sizes=\"auto, (max-width: 157px) 100vw, 157px\" \/><\/td>\n<td style=\"width: 75.2632%; height: 234px; border-style: none; text-align: left;\"><strong>Prof. Dr. Christian Vogelberg<br \/>\n<\/strong>Klinik und Poliklinik f\u00fcr Kinder- und Jugendmedizin<br \/>\nUniversit\u00e4tsklinikum Carl-Gustav-Carus<br \/>\nFetscherstra\u00dfe 74<br \/>\n01307 Dresden<br \/>\nTel.: 0351-458-2073<br \/>\ne-Mail: <a href=\"mailto:Christian.Vogelberg@uniklinikum-dresden.de\">Christian.Vogelberg@uniklinikum-dresden.de<\/a><\/td>\n<\/tr>\n<tr style=\"height: 22px;\">\n<td style=\"width: 23.8158%; border-style: none; height: 22px;\"><\/td>\n<td style=\"width: 75.2632%; border-style: none; text-align: left; height: 22px;\"><\/td>\n<\/tr>\n<\/tbody>\n<\/table>\n","protected":false},"excerpt":{"rendered":"<p>Adult patients Prof. Dr. Karl-Christian Bergmann Allergie-Centrum Charit\u00e9 Klinik f\u00fcr Dermatologie, Venerologie und Allergologie Charit\u00e9 Campus Mitte Luisenstra\u00dfe 2-5 10117 Berlin Tel.: 030-450-518046, Fax: 0234 509-2612 e-Mail: karlchristianbergmann@googlemail.com Norbert M\u00fclleneisen Asthma Allergiezentrum K\u00f6nigsberger Platz 5 51371 Leverkusen Tel.: 0214 820 21265, Fax: 0234 509-2612 e-Mail: info@aaz-lev.de Prof. Dr. Hendrik Suhling Pneumologicum Hildesheimer Str. 98 b [&hellip;]<\/p>\n","protected":false},"author":1,"featured_media":0,"parent":0,"menu_order":0,"comment_status":"closed","ping_status":"closed","template":"","meta":{"footnotes":""},"class_list":["post-447","page","type-page","status-publish","hentry"],"translation":{"provider":"WPGlobus","version":"3.0.2","language":"en","enabled_languages":["de","en"],"languages":{"de":{"title":true,"content":true,"excerpt":false},"en":{"title":true,"content":true,"excerpt":false}}},"_links":{"self":[{"href":"https:\/\/germanasthmanet.de\/en\/wp-json\/wp\/v2\/pages\/447","targetHints":{"allow":["GET"]}}],"collection":[{"href":"https:\/\/germanasthmanet.de\/en\/wp-json\/wp\/v2\/pages"}],"about":[{"href":"https:\/\/germanasthmanet.de\/en\/wp-json\/wp\/v2\/types\/page"}],"author":[{"embeddable":true,"href":"https:\/\/germanasthmanet.de\/en\/wp-json\/wp\/v2\/users\/1"}],"replies":[{"embeddable":true,"href":"https:\/\/germanasthmanet.de\/en\/wp-json\/wp\/v2\/comments?post=447"}],"version-history":[{"count":52,"href":"https:\/\/germanasthmanet.de\/en\/wp-json\/wp\/v2\/pages\/447\/revisions"}],"predecessor-version":[{"id":2446,"href":"https:\/\/germanasthmanet.de\/en\/wp-json\/wp\/v2\/pages\/447\/revisions\/2446"}],"wp:attachment":[{"href":"https:\/\/germanasthmanet.de\/en\/wp-json\/wp\/v2\/media?parent=447"}],"curies":[{"name":"wp","href":"https:\/\/api.w.org\/{rel}","templated":true}]}}